{"id":103,"date":"2024-03-06T16:23:18","date_gmt":"2024-03-06T16:23:18","guid":{"rendered":"https:\/\/szczescie.neway.pl\/?page_id=103"},"modified":"2024-03-06T18:37:07","modified_gmt":"2024-03-06T18:37:07","slug":"szczescie-2024-jakub-kowol-sebastian-hartman","status":"publish","type":"page","link":"https:\/\/szczescie.neway.pl\/?page_id=103","title":{"rendered":"Szcz\u0119\u015bcie 2024 Jakub Kowol\/Sebastian Hartman"},"content":{"rendered":"\n<ol>\n<li>Nagranie z 05.03.2024<\/li>\n<\/ol>\n\n\n\n<p>wokal\/klawisz\/gitara<\/p>\n\n\n\n<figure class=\"wp-block-audio\"><audio controls src=\"https:\/\/szczescie.neway.pl\/wp-content\/uploads\/2024\/03\/szczescie2.mp3\"><\/audio><\/figure>\n\n\n\n<p><\/p>\n\n\n\n<p>bez wokalu<\/p>\n\n\n\n<figure class=\"wp-block-audio\"><audio controls src=\"https:\/\/szczescie.neway.pl\/wp-content\/uploads\/2024\/03\/szczescie2_bezwok.mp3\"><\/audio><\/figure>\n\n\n\n<p><\/p>\n\n\n\n<p>i co\u015b ode mnie \ud83d\ude00 &#8211; kulawo z dodatkami<\/p>\n\n\n\n<p><\/p>\n\n\n\n<figure class=\"wp-block-audio\"><audio controls src=\"https:\/\/szczescie.neway.pl\/wp-content\/uploads\/2024\/03\/szczescie_full1.mp3\"><\/audio><\/figure>\n","protected":false},"excerpt":{"rendered":"<p>wokal\/klawisz\/gitara bez wokalu i co\u015b ode mnie \ud83d\ude00 &#8211; kulawo z dodatkami<\/p>\n","protected":false},"author":1,"featured_media":0,"parent":0,"menu_order":0,"comment_status":"closed","ping_status":"open","template":"","meta":{"neve_meta_sidebar":"","neve_meta_container":"","neve_meta_enable_content_width":"","neve_meta_content_width":0,"neve_meta_title_alignment":"","neve_meta_author_avatar":"","neve_post_elements_order":"","neve_meta_disable_header":"","neve_meta_disable_footer":"","neve_meta_disable_title":"","footnotes":""},"yoast_head":"<!-- This site is optimized with the Yoast SEO plugin v23.9 - https:\/\/yoast.com\/wordpress\/plugins\/seo\/ -->\n<title>Szcz\u0119\u015bcie 2024 Jakub Kowol\/Sebastian Hartman - Szcz\u0119\u015bcie - Stary NEWAY<\/title>\n<meta name=\"description\" content=\"wokal\/klawisz\/gitara bez wokalu i co\u015b ode mnie \ud83d\ude00 &#8211; kulawo z dodatkami\" \/>\n<meta name=\"robots\" content=\"index, follow, max-snippet:-1, max-image-preview:large, max-video-preview:-1\" \/>\n<link rel=\"canonical\" href=\"https:\/\/szczescie.neway.pl\/?page_id=103\" \/>\n<meta property=\"og:locale\" content=\"pl_PL\" \/>\n<meta property=\"og:type\" content=\"article\" \/>\n<meta property=\"og:title\" content=\"Szcz\u0119\u015bcie 2024 Jakub Kowol\/Sebastian Hartman - Szcz\u0119\u015bcie - Stary NEWAY\" \/>\n<meta property=\"og:description\" content=\"wokal\/klawisz\/gitara bez wokalu i co\u015b ode mnie \ud83d\ude00 &#8211; kulawo z dodatkami\" \/>\n<meta property=\"og:url\" content=\"https:\/\/szczescie.neway.pl\/?page_id=103\" \/>\n<meta property=\"og:site_name\" content=\"Szcz\u0119\u015bcie - Stary NEWAY\" \/>\n<meta property=\"article:modified_time\" content=\"2024-03-06T18:37:07+00:00\" \/>\n<meta name=\"twitter:card\" content=\"summary_large_image\" \/>\n<script type=\"application\/ld+json\" class=\"yoast-schema-graph\">{\"@context\":\"https:\/\/schema.org\",\"@graph\":[{\"@type\":\"WebPage\",\"@id\":\"https:\/\/szczescie.neway.pl\/?page_id=103\",\"url\":\"https:\/\/szczescie.neway.pl\/?page_id=103\",\"name\":\"Szcz\u0119\u015bcie 2024 Jakub Kowol\/Sebastian Hartman - Szcz\u0119\u015bcie - Stary NEWAY\",\"isPartOf\":{\"@id\":\"https:\/\/szczescie.neway.pl\/#website\"},\"datePublished\":\"2024-03-06T16:23:18+00:00\",\"dateModified\":\"2024-03-06T18:37:07+00:00\",\"breadcrumb\":{\"@id\":\"https:\/\/szczescie.neway.pl\/?page_id=103#breadcrumb\"},\"inLanguage\":\"pl-PL\",\"potentialAction\":[{\"@type\":\"ReadAction\",\"target\":[\"https:\/\/szczescie.neway.pl\/?page_id=103\"]}]},{\"@type\":\"BreadcrumbList\",\"@id\":\"https:\/\/szczescie.neway.pl\/?page_id=103#breadcrumb\",\"itemListElement\":[{\"@type\":\"ListItem\",\"position\":1,\"name\":\"Strona g\u0142\u00f3wna\",\"item\":\"https:\/\/szczescie.neway.pl\/\"},{\"@type\":\"ListItem\",\"position\":2,\"name\":\"Szcz\u0119\u015bcie 2024 Jakub Kowol\/Sebastian Hartman\"}]},{\"@type\":\"WebSite\",\"@id\":\"https:\/\/szczescie.neway.pl\/#website\",\"url\":\"https:\/\/szczescie.neway.pl\/\",\"name\":\"Szcz\u0119\u015bcie - Stary NEWAY\",\"description\":\"Opracowanie piosenki Szcz\u0119\u015bcie\",\"potentialAction\":[{\"@type\":\"SearchAction\",\"target\":{\"@type\":\"EntryPoint\",\"urlTemplate\":\"https:\/\/szczescie.neway.pl\/?s={search_term_string}\"},\"query-input\":{\"@type\":\"PropertyValueSpecification\",\"valueRequired\":true,\"valueName\":\"search_term_string\"}}],\"inLanguage\":\"pl-PL\"}]}<\/script>\n<!-- \/ Yoast SEO plugin. -->","yoast_head_json":{"title":"Szcz\u0119\u015bcie 2024 Jakub Kowol\/Sebastian Hartman - Szcz\u0119\u015bcie - Stary NEWAY","description":"wokal\/klawisz\/gitara bez wokalu i co\u015b ode mnie \ud83d\ude00 &#8211; kulawo z dodatkami","robots":{"index":"index","follow":"follow","max-snippet":"max-snippet:-1","max-image-preview":"max-image-preview:large","max-video-preview":"max-video-preview:-1"},"canonical":"https:\/\/szczescie.neway.pl\/?page_id=103","og_locale":"pl_PL","og_type":"article","og_title":"Szcz\u0119\u015bcie 2024 Jakub Kowol\/Sebastian Hartman - Szcz\u0119\u015bcie - Stary NEWAY","og_description":"wokal\/klawisz\/gitara bez wokalu i co\u015b ode mnie \ud83d\ude00 &#8211; kulawo z dodatkami","og_url":"https:\/\/szczescie.neway.pl\/?page_id=103","og_site_name":"Szcz\u0119\u015bcie - Stary NEWAY","article_modified_time":"2024-03-06T18:37:07+00:00","twitter_card":"summary_large_image","schema":{"@context":"https:\/\/schema.org","@graph":[{"@type":"WebPage","@id":"https:\/\/szczescie.neway.pl\/?page_id=103","url":"https:\/\/szczescie.neway.pl\/?page_id=103","name":"Szcz\u0119\u015bcie 2024 Jakub Kowol\/Sebastian Hartman - Szcz\u0119\u015bcie - Stary NEWAY","isPartOf":{"@id":"https:\/\/szczescie.neway.pl\/#website"},"datePublished":"2024-03-06T16:23:18+00:00","dateModified":"2024-03-06T18:37:07+00:00","breadcrumb":{"@id":"https:\/\/szczescie.neway.pl\/?page_id=103#breadcrumb"},"inLanguage":"pl-PL","potentialAction":[{"@type":"ReadAction","target":["https:\/\/szczescie.neway.pl\/?page_id=103"]}]},{"@type":"BreadcrumbList","@id":"https:\/\/szczescie.neway.pl\/?page_id=103#breadcrumb","itemListElement":[{"@type":"ListItem","position":1,"name":"Strona g\u0142\u00f3wna","item":"https:\/\/szczescie.neway.pl\/"},{"@type":"ListItem","position":2,"name":"Szcz\u0119\u015bcie 2024 Jakub Kowol\/Sebastian Hartman"}]},{"@type":"WebSite","@id":"https:\/\/szczescie.neway.pl\/#website","url":"https:\/\/szczescie.neway.pl\/","name":"Szcz\u0119\u015bcie - Stary NEWAY","description":"Opracowanie piosenki Szcz\u0119\u015bcie","potentialAction":[{"@type":"SearchAction","target":{"@type":"EntryPoint","urlTemplate":"https:\/\/szczescie.neway.pl\/?s={search_term_string}"},"query-input":{"@type":"PropertyValueSpecification","valueRequired":true,"valueName":"search_term_string"}}],"inLanguage":"pl-PL"}]}},"_links":{"self":[{"href":"https:\/\/szczescie.neway.pl\/index.php?rest_route=\/wp\/v2\/pages\/103"}],"collection":[{"href":"https:\/\/szczescie.neway.pl\/index.php?rest_route=\/wp\/v2\/pages"}],"about":[{"href":"https:\/\/szczescie.neway.pl\/index.php?rest_route=\/wp\/v2\/types\/page"}],"author":[{"embeddable":true,"href":"https:\/\/szczescie.neway.pl\/index.php?rest_route=\/wp\/v2\/users\/1"}],"replies":[{"embeddable":true,"href":"https:\/\/szczescie.neway.pl\/index.php?rest_route=%2Fwp%2Fv2%2Fcomments&post=103"}],"version-history":[{"count":3,"href":"https:\/\/szczescie.neway.pl\/index.php?rest_route=\/wp\/v2\/pages\/103\/revisions"}],"predecessor-version":[{"id":109,"href":"https:\/\/szczescie.neway.pl\/index.php?rest_route=\/wp\/v2\/pages\/103\/revisions\/109"}],"wp:attachment":[{"href":"https:\/\/szczescie.neway.pl\/index.php?rest_route=%2Fwp%2Fv2%2Fmedia&parent=103"}],"curies":[{"name":"wp","href":"https:\/\/api.w.org\/{rel}","templated":true}]}}